{"id":1052,"date":"2024-01-29T05:01:22","date_gmt":"2024-01-29T05:01:22","guid":{"rendered":"https:\/\/holisticbarcelona.com\/politica-de-privacidad\/"},"modified":"2024-08-12T15:44:15","modified_gmt":"2024-08-12T15:44:15","slug":"politica-de-privadesa","status":"publish","type":"page","link":"https:\/\/www.holisticbarcelona.com\/ca\/politica-de-privadesa\/","title":{"rendered":"Pol\u00edtica de privacitat"},"content":{"rendered":"<style>.elementor-1052 .elementor-element.elementor-element-5414e24a > .elementor-container{max-width:1300px;}.elementor-1052 .elementor-element.elementor-element-5414e24a > .elementor-background-overlay{opacity:0.5;transition:background 0.3s, border-radius 0.3s, opacity 0.3s;}.elementor-1052 .elementor-element.elementor-element-5414e24a{transition:background 0.3s, border 0.3s, border-radius 0.3s, box-shadow 0.3s;margin-top:0px;margin-bottom:200px;padding:70px 0px 0px 0px;z-index:5;}.elementor-1052 .elementor-element.elementor-element-7c678dac.elementor-column > .elementor-widget-wrap{justify-content:center;}.elementor-1052 .elementor-element.elementor-element-7c678dac > .elementor-element-populated{padding:0px 0px 0px 0px;}.elementor-1052 .elementor-element.elementor-element-5c9a7aca > .elementor-widget-container{margin:-10px 0px -10px 0px;}.elementor-1052 .elementor-element.elementor-element-5c9a7aca{text-align:center;}.elementor-1052 .elementor-element.elementor-element-5c9a7aca .elementor-heading-title{font-family:var( --e-global-typography-secondary-font-family ), Sans-serif;font-size:var( --e-global-typography-secondary-font-size );font-weight:var( --e-global-typography-secondary-font-weight );text-transform:var( --e-global-typography-secondary-text-transform );font-style:var( --e-global-typography-secondary-font-style );text-decoration:var( --e-global-typography-secondary-text-decoration );line-height:var( --e-global-typography-secondary-line-height );color:var( --e-global-color-primary );}.elementor-1052 .elementor-element.elementor-element-43b4da7b:not(.elementor-motion-effects-element-type-background), .elementor-1052 .elementor-element.elementor-element-43b4da7b > .elementor-motion-effects-container > .elementor-motion-effects-layer{background-image:url(\"https:\/\/www.holisticbarcelona.com\/wp-content\/uploads\/2024\/02\/Holistic_221-scaled.jpg\");background-position:center center;background-size:cover;}.elementor-1052 .elementor-element.elementor-element-43b4da7b > .elementor-container{max-width:1300px;min-height:400px;}.elementor-1052 .elementor-element.elementor-element-43b4da7b, .elementor-1052 .elementor-element.elementor-element-43b4da7b > .elementor-background-overlay{border-radius:5px 5px 5px 5px;}.elementor-1052 .elementor-element.elementor-element-43b4da7b{transition:background 0.3s, border 0.3s, border-radius 0.3s, box-shadow 0.3s;margin-top:70px;margin-bottom:-200px;}.elementor-1052 .elementor-element.elementor-element-43b4da7b > .elementor-background-overlay{transition:background 0.3s, border-radius 0.3s, opacity 0.3s;}.elementor-bc-flex-widget .elementor-1052 .elementor-element.elementor-element-7cada3b1.elementor-column .elementor-widget-wrap{align-items:center;}.elementor-1052 .elementor-element.elementor-element-7cada3b1.elementor-column.elementor-element[data-element_type=\"column\"] > .elementor-widget-wrap.elementor-element-populated{align-content:center;align-items:center;}.elementor-1052 .elementor-element.elementor-element-7cada3b1 > .elementor-element-populated, .elementor-1052 .elementor-element.elementor-element-7cada3b1 > .elementor-element-populated > .elementor-background-overlay, .elementor-1052 .elementor-element.elementor-element-7cada3b1 > .elementor-background-slideshow{border-radius:30px 30px 30px 30px;}.elementor-1052 .elementor-element.elementor-element-7cada3b1 > .elementor-element-populated{padding:0px 0px 0px 0px;}.elementor-1052 .elementor-element.elementor-element-213f48e8{--divider-border-style:solid;--divider-color:#00000000;--divider-border-width:1px;}.elementor-1052 .elementor-element.elementor-element-213f48e8 .elementor-divider-separator{width:100%;}.elementor-1052 .elementor-element.elementor-element-213f48e8 .elementor-divider{padding-block-start:15px;padding-block-end:15px;}.elementor-1052 .elementor-element.elementor-element-452dc49{--display:flex;--flex-direction:row;--container-widget-width:calc( ( 1 - var( --container-widget-flex-grow ) ) * 100% );--container-widget-height:100%;--container-widget-flex-grow:1;--container-widget-align-self:stretch;--flex-wrap-mobile:wrap;--align-items:stretch;--gap:10px 10px;--row-gap:10px;--column-gap:10px;--padding-top:100px;--padding-bottom:100px;--padding-left:0px;--padding-right:0px;}.elementor-1052 .elementor-element.elementor-element-67443621{--display:flex;--padding-top:0px;--padding-bottom:0px;--padding-left:0px;--padding-right:0px;}.elementor-1052 .elementor-element.elementor-element-7f8245c1 > .elementor-widget-container{margin:0px 0px 0px 0px;}:root{--page-title-display:none;}@media(min-width:768px){.elementor-1052 .elementor-element.elementor-element-452dc49{--content-width:1200px;}}@media(max-width:1024px){.elementor-1052 .elementor-element.elementor-element-5414e24a{margin-top:0px;margin-bottom:150px;padding:50px 30px 0px 30px;}.elementor-1052 .elementor-element.elementor-element-5c9a7aca .elementor-heading-title{font-size:var( --e-global-typography-secondary-font-size );line-height:var( --e-global-typography-secondary-line-height );}.elementor-1052 .elementor-element.elementor-element-43b4da7b > .elementor-container{min-height:300px;}.elementor-1052 .elementor-element.elementor-element-43b4da7b{margin-top:50px;margin-bottom:-150px;}.elementor-1052 .elementor-element.elementor-element-452dc49{--padding-top:70px;--padding-bottom:70px;--padding-left:30px;--padding-right:30px;}}@media(max-width:767px){.elementor-1052 .elementor-element.elementor-element-5414e24a{margin-top:0px;margin-bottom:100px;padding:60px 20px 0px 20px;}.elementor-1052 .elementor-element.elementor-element-5c9a7aca .elementor-heading-title{font-size:var( --e-global-typography-secondary-font-size );line-height:var( --e-global-typography-secondary-line-height );}.elementor-1052 .elementor-element.elementor-element-43b4da7b > .elementor-container{min-height:300px;}.elementor-1052 .elementor-element.elementor-element-43b4da7b{margin-top:40px;margin-bottom:-100px;}.elementor-1052 .elementor-element.elementor-element-452dc49{--padding-top:70px;--padding-bottom:70px;--padding-left:20px;--padding-right:20px;}}<\/style>\t\t<div data-elementor-type=\"wp-page\" data-elementor-id=\"1052\" class=\"elementor elementor-1052\" data-elementor-post-type=\"page\">\n\t\t\t\t\t\t<section class=\"elementor-section elementor-top-section elementor-element elementor-element-5414e24a elementor-section-boxed elementor-section-height-default elementor-section-height-default\" data-id=\"5414e24a\" data-element_type=\"section\" data-settings=\"{&quot;background_background&quot;:&quot;classic&quot;}\">\n\t\t\t\t\t\t\t<div class=\"elementor-background-overlay\"><\/div>\n\t\t\t\t\t\t\t<div class=\"elementor-container elementor-column-gap-default\">\n\t\t\t\t\t<div class=\"elementor-column elementor-col-100 elementor-top-column elementor-element elementor-element-7c678dac\" data-id=\"7c678dac\" data-element_type=\"column\">\n\t\t\t<div class=\"elementor-widget-wrap elementor-element-populated\">\n\t\t\t\t\t\t<section class=\"elementor-section elementor-inner-section elementor-element elementor-element-43b4da7b elementor-section-height-min-height elementor-section-boxed elementor-section-height-default elementor-invisible\" data-id=\"43b4da7b\" data-element_type=\"section\" data-settings=\"{&quot;background_background&quot;:&quot;classic&quot;,&quot;animation&quot;:&quot;fadeIn&quot;,&quot;animation_delay&quot;:400}\">\n\t\t\t\t\t\t<div class=\"elementor-container elementor-column-gap-default\">\n\t\t\t\t\t<div class=\"elementor-column elementor-col-100 elementor-inner-column elementor-element elementor-element-7cada3b1\" data-id=\"7cada3b1\" data-element_type=\"column\">\n\t\t\t<div class=\"elementor-widget-wrap elementor-element-populated\">\n\t\t\t\t\t\t<div class=\"elementor-element elementor-element-213f48e8 elementor-widget-divider--view-line elementor-widget elementor-widget-divider\" data-id=\"213f48e8\" data-element_type=\"widget\" data-widget_type=\"divider.default\">\n\t\t\t\t<div class=\"elementor-widget-container\">\n\t\t\t\t\t\t\t<div class=\"elementor-divider\">\n\t\t\t<span class=\"elementor-divider-separator\">\n\t\t\t\t\t\t<\/span>\n\t\t<\/div>\n\t\t\t\t\t\t<\/div>\n\t\t\t\t<\/div>\n\t\t\t\t\t<\/div>\n\t\t<\/div>\n\t\t\t\t\t<\/div>\n\t\t<\/section>\n\t\t\t\t\t<\/div>\n\t\t<\/div>\n\t\t\t\t\t<\/div>\n\t\t<\/section>\n\t\t<div class=\"elementor-element elementor-element-452dc49 e-flex e-con-boxed e-con e-parent\" data-id=\"452dc49\" data-element_type=\"container\">\n\t\t\t\t\t<div class=\"e-con-inner\">\n\t\t<div class=\"elementor-element elementor-element-67443621 e-con-full e-flex e-con e-child\" data-id=\"67443621\" data-element_type=\"container\">\n\t\t\t\t<div class=\"elementor-element elementor-element-7f8245c1 elementor-widget elementor-widget-text-editor\" data-id=\"7f8245c1\" data-element_type=\"widget\" data-widget_type=\"text-editor.default\">\n\t\t\t\t<div class=\"elementor-widget-container\">\n\t\t\t\t\t\t\t\t\t<p>1. Pol\u00edtica de privadesa<\/p><p>Judith Benavent informa els usuaris del lloc web sobre la seva pol\u00edtica respecte del tractament i protecci\u00f3 de les dades de car\u00e0cter personal dels usuaris i clients que puguin ser demanats per la navegaci\u00f3 o contractaci\u00f3 de serveis a trav\u00e9s del seu lloc web.<\/p><p>En aquest sentit, Judith Benavent garanteix el compliment de la normativa vigent en mat\u00e8ria de protecci\u00f3 de dades personals, reflectida al Reglament (UE) 2016\/679 del Parlament Europeu i del Consell de 27 d&#8217;abril de 2016, relatiu a la protecci\u00f3 de les persones f\u00edsiques pel que fa al tractament de dades personals ia la lliure circulaci\u00f3 daquestes dades i pel qual es deroga la Directiva 95\/46\/CE (RGPD).<\/p><p>L\u00b4\u00fas d\u00b4aquest web implica l\u00b4acceptaci\u00f3 d\u00b4aquesta pol\u00edtica de privadesa.<\/p><p>Recollida, finalitat i tractaments de dades<\/p><p>Judith Benavent t\u00e9 el deure d&#8217;informar els usuaris del seu lloc web sobre la recollida de dades de car\u00e0cter personal que es poden dur a terme, ja sigui mitjan\u00e7ant l&#8217;enviament de correu electr\u00f2nic o en emplenar els formularis inclosos al lloc web. En aquest sentit, Judith Benavent ser\u00e0 considerada com a responsable de les dades demanades mitjan\u00e7ant els mitjans anteriorment descrits.<\/p><p>Alhora, Judith Benavent informa els usuaris que la finalitat del tractament de les dades recollides contempla: L&#8217;atenci\u00f3 de sol\u00b7licituds realitzades pels usuaris, la inclusi\u00f3 a l&#8217;agenda de contactes, la prestaci\u00f3 de serveis i la gesti\u00f3 de la relaci\u00f3 comercial.<\/p><p>Les operacions, gestions i procediments t\u00e8cnics que es realitzin de forma automatitzada o no automatitzada i que possibilitin la recollida, emmagatzematge, modificaci\u00f3, transfer\u00e8ncia i altres accions sobre dades de car\u00e0cter personal, tenen la consideraci\u00f3 de tractament de dades personals.<\/p><p>Per a totes les dades personals, que siguin recollides a trav\u00e9s del lloc web de Judith Benavent, s&#8217;adoptaran les mesures de seguretat t\u00e8cniques i organitzatives apropiades per garantir la confidencialitat, integritat, disponibilitat i resili\u00e8ncia permanents dels sistemes i serveis de tractament, de manera que el tractament sigui conforme amb els requisits del RGPD i garanteixi la protecci\u00f3 dels drets dels usuaris.<\/p><p>Comunicaci\u00f3 d&#8217;informaci\u00f3 a tercers<\/p><p>Judith Benavent informa els usuaris que les seves dades personals no seran cedides a terceres organitzacions, llevat que aquesta cessi\u00f3 de dades estigui emparada en una obligaci\u00f3 legal.<\/p><p>Drets dels usuaris<\/p><p>El RGPD\u00a0concedeix als interessats la possibilitat dexercir una s\u00e8rie de drets relacionats amb el tractament de les seves dades personals: dret dacc\u00e9s, rectificaci\u00f3, supressi\u00f3, oposici\u00f3, portabilitat, limitaci\u00f3 del tractament ia no ser objecte de decisions \u00edntegrament automatitzades, aix\u00ed com a revocar el consentiment prestat i presentar reclamaci\u00f3 davant l&#8217;Ag\u00e8ncia Espanyola de Protecci\u00f3 de Dades Personals.<\/p><p>Quan les dades de l&#8217;usuari s\u00f3n objecte de tractament per part de Judith Benavent. Els usuaris podran exercir els drets d&#8217;acc\u00e9s, rectificaci\u00f3, cancel\u00b7laci\u00f3 i oposici\u00f3 d&#8217;acord amb all\u00f2 previst a la normativa legal vigent en mat\u00e8ria de protecci\u00f3 de dades personals.<\/p><p>Per fer \u00fas de l&#8217;exercici d&#8217;aquests drets, l&#8217;usuari s&#8217;haur\u00e0 de dirigir mitjan\u00e7ant comunicaci\u00f3 escrita, aportant documentaci\u00f3 que acrediti la seva identitat (DNI o passaport), a l&#8217;adre\u00e7a seg\u00fcent: Judith Benavent, Passatge Moragas 3, 3-2, Tiana, 08391, Barcelona o l&#8217;adre\u00e7a que sigui substitu\u00efda al Registre General de Protecci\u00f3 de Dades o al correu electr\u00f2nic hola@judithbenavent.com. Aquesta comunicaci\u00f3 ha de reflectir la informaci\u00f3 seg\u00fcent: Nom i cognoms de l&#8217;usuari, la petici\u00f3 de sol\u00b7licitud (indicant expressament el dret que exercita), el domicili i les dades acreditatives.<\/p><p>L&#8217;exercici de drets l&#8217;ha de fer el mateix usuari. Aix\u00f2 no obstant, poden ser executats per una persona autoritzada com a representant legal de l&#8217;autoritzat. En aquest cas, cal aportar la documentaci\u00f3 que acrediti aquesta representaci\u00f3 de linteressat.<\/p><p>En compliment del que disposa el referit RGPD, Judith Benavent tractar\u00e0 les dades seg\u00fcents:<\/p><p>Responsable del tractament:<\/p><p>Judith Benavent, Passatge Moragas 3, 3-2, Tiana (08391), Barcelona<\/p><p>NIF: 77316157R; Tel\u00e8fon 626 089 242; correu electr\u00f2nic hola@judithbenavent.com<\/p><p>Dades recollides i la seva proced\u00e8ncia<\/p><p>Per atendre consultes: Nom i correu electr\u00f2nic i tel\u00e8fon.<br \/>Per remetre Newsletters: nom i correu electr\u00f2nic.<br \/>Altes i seguiment en comptes de xarxes socials: les dades personals que facilita o habilita les xarxes socials en convertir-se en seguidor de les mateixes.<br \/>Les dades han estat facilitades pels usuaris.<\/p><p>Finalitat del Tractament<\/p><p>Atendre les consultes de les persones que contactin amb Judith Benavent<br \/>Enviar Newsletters, a trav\u00e9s de correu electr\u00f2nic, SMS, Whatsapp (en aquests dos darrers casos requerir\u00e0 tenir el n\u00famero de tel\u00e8fon)<br \/>Altes i seguiment en comptes de Judith Benavent a les seg\u00fcents xarxes socials: Facebook, Instagram i Linkedin<\/p><p>Legitimaci\u00f3<\/p><p>El Consentiment de lUsuari.<\/p><p>Drets<\/p><p>D&#8217;acc\u00e9s, rectificaci\u00f3, supressi\u00f3, oposici\u00f3, portabilitat, limitaci\u00f3 del tractament i si no s\u00f3n objecte de decisions \u00edntegrament automatitzades. Dret a revocar el consentiment, mitjan\u00e7ant escrit dirigit a Judith Benavent, Passatge Moragas 3, 3-2, Tiana (08391), Barcelona o b\u00e9 a trav\u00e9s del correu electr\u00f2nic hola@judithbenavent.com<\/p><p>Cessions o Transfer\u00e8ncies Internacionals<\/p><p>Per poder atendre les consultes dels usuaris i\/o enviar Newsletters les dades seran tractades per Mailchimp (https:\/\/mailchimp.com\/), com a subencarregat contractat pel titular Judith Benavent, l&#8217;entitat del qual t\u00e9 els seus servidors a USA i est\u00e0 certificada segons l&#8217;acord d&#8217;escut de privadesa (Privacy Shield).<\/p><p>Temps de Conservaci\u00f3<\/p><p>Tractarem les seves dades durant tot el temps que mantingui la relaci\u00f3 amb nosaltres o no revoqui el consentiment prestat. Un cop finalitzada la relaci\u00f3 o revocat el consentiment, mantindrem les vostres dades personals bloquejades durant els terminis de prescripci\u00f3 legals aplicables.<\/p><p>Teniu dret a presentar reclamaci\u00f3 davant l&#8217;Ag\u00e8ncia Espanyola de Protecci\u00f3 de Dades de Car\u00e0cter Personal.<\/p>\t\t\t\t\t\t\t\t<\/div>\n\t\t\t\t<\/div>\n\t\t\t\t<\/div>\n\t\t\t\t\t<\/div>\n\t\t\t\t<\/div>\n\t\t\t\t<\/div>\n\t\t","protected":false},"excerpt":{"rendered":"<p>1. Pol\u00edtica de privacidad Judith Benavent informa a los usuarios del sitio web sobre su pol\u00edtica respecto del tratamiento y protecci\u00f3n de los datos de car\u00e1cter personal de los usuarios y clientes que puedan ser recabados por la navegaci\u00f3n o contrataci\u00f3n de servicios a trav\u00e9s de su sitio web. En este sentido, Judith Benavent garantiza [&hellip;]<\/p>\n","protected":false},"author":1,"featured_media":0,"parent":0,"menu_order":0,"comment_status":"closed","ping_status":"closed","template":"elementor_header_footer","meta":{"_joinchat":[],"footnotes":""},"class_list":["post-1052","page","type-page","status-publish","hentry"],"_links":{"self":[{"href":"https:\/\/www.holisticbarcelona.com\/ca\/wp-json\/wp\/v2\/pages\/1052","targetHints":{"allow":["GET"]}}],"collection":[{"href":"https:\/\/www.holisticbarcelona.com\/ca\/wp-json\/wp\/v2\/pages"}],"about":[{"href":"https:\/\/www.holisticbarcelona.com\/ca\/wp-json\/wp\/v2\/types\/page"}],"author":[{"embeddable":true,"href":"https:\/\/www.holisticbarcelona.com\/ca\/wp-json\/wp\/v2\/users\/1"}],"replies":[{"embeddable":true,"href":"https:\/\/www.holisticbarcelona.com\/ca\/wp-json\/wp\/v2\/comments?post=1052"}],"version-history":[{"count":9,"href":"https:\/\/www.holisticbarcelona.com\/ca\/wp-json\/wp\/v2\/pages\/1052\/revisions"}],"predecessor-version":[{"id":2792,"href":"https:\/\/www.holisticbarcelona.com\/ca\/wp-json\/wp\/v2\/pages\/1052\/revisions\/2792"}],"wp:attachment":[{"href":"https:\/\/www.holisticbarcelona.com\/ca\/wp-json\/wp\/v2\/media?parent=1052"}],"curies":[{"name":"wp","href":"https:\/\/api.w.org\/{rel}","templated":true}]}}