{"id":1059,"date":"2024-01-29T05:01:29","date_gmt":"2024-01-29T05:01:29","guid":{"rendered":"https:\/\/holisticbarcelona.com\/politica-de-cookies\/"},"modified":"2024-02-29T02:14:02","modified_gmt":"2024-02-29T02:14:02","slug":"politica-de-cookies","status":"publish","type":"page","link":"https:\/\/www.holisticbarcelona.com\/ca\/politica-de-cookies\/","title":{"rendered":"Pol\u00edtica de cookies"},"content":{"rendered":"<style>.elementor-1059 .elementor-element.elementor-element-1f6027cd > .elementor-container{max-width:1300px;}.elementor-1059 .elementor-element.elementor-element-1f6027cd > .elementor-background-overlay{opacity:0.5;transition:background 0.3s, border-radius 0.3s, opacity 0.3s;}.elementor-1059 .elementor-element.elementor-element-1f6027cd{transition:background 0.3s, border 0.3s, border-radius 0.3s, box-shadow 0.3s;margin-top:0px;margin-bottom:200px;padding:70px 0px 0px 0px;z-index:5;}.elementor-1059 .elementor-element.elementor-element-3d2fdda2.elementor-column > .elementor-widget-wrap{justify-content:center;}.elementor-1059 .elementor-element.elementor-element-3d2fdda2 > .elementor-element-populated{padding:0px 0px 0px 0px;}.elementor-1059 .elementor-element.elementor-element-23f1e376 > .elementor-widget-container{margin:-10px 0px -10px 0px;}.elementor-1059 .elementor-element.elementor-element-23f1e376{text-align:center;}.elementor-1059 .elementor-element.elementor-element-23f1e376 .elementor-heading-title{font-family:var( --e-global-typography-secondary-font-family ), Sans-serif;font-size:var( --e-global-typography-secondary-font-size );font-weight:var( --e-global-typography-secondary-font-weight );text-transform:var( --e-global-typography-secondary-text-transform );font-style:var( --e-global-typography-secondary-font-style );text-decoration:var( --e-global-typography-secondary-text-decoration );line-height:var( --e-global-typography-secondary-line-height );color:var( --e-global-color-primary );}.elementor-1059 .elementor-element.elementor-element-362d16ca:not(.elementor-motion-effects-element-type-background), .elementor-1059 .elementor-element.elementor-element-362d16ca > .elementor-motion-effects-container > .elementor-motion-effects-layer{background-image:url(\"https:\/\/www.holisticbarcelona.com\/wp-content\/uploads\/2024\/02\/Holistic_221-scaled.jpg\");background-position:center center;background-size:cover;}.elementor-1059 .elementor-element.elementor-element-362d16ca > .elementor-container{max-width:1300px;min-height:400px;}.elementor-1059 .elementor-element.elementor-element-362d16ca, .elementor-1059 .elementor-element.elementor-element-362d16ca > .elementor-background-overlay{border-radius:5px 5px 5px 5px;}.elementor-1059 .elementor-element.elementor-element-362d16ca{transition:background 0.3s, border 0.3s, border-radius 0.3s, box-shadow 0.3s;margin-top:70px;margin-bottom:-200px;}.elementor-1059 .elementor-element.elementor-element-362d16ca > .elementor-background-overlay{transition:background 0.3s, border-radius 0.3s, opacity 0.3s;}.elementor-bc-flex-widget .elementor-1059 .elementor-element.elementor-element-529dc4d0.elementor-column .elementor-widget-wrap{align-items:center;}.elementor-1059 .elementor-element.elementor-element-529dc4d0.elementor-column.elementor-element[data-element_type=\"column\"] > .elementor-widget-wrap.elementor-element-populated{align-content:center;align-items:center;}.elementor-1059 .elementor-element.elementor-element-529dc4d0 > .elementor-element-populated, .elementor-1059 .elementor-element.elementor-element-529dc4d0 > .elementor-element-populated > .elementor-background-overlay, .elementor-1059 .elementor-element.elementor-element-529dc4d0 > .elementor-background-slideshow{border-radius:30px 30px 30px 30px;}.elementor-1059 .elementor-element.elementor-element-529dc4d0 > .elementor-element-populated{padding:0px 0px 0px 0px;}.elementor-1059 .elementor-element.elementor-element-3db30884{--divider-border-style:solid;--divider-color:#00000000;--divider-border-width:1px;}.elementor-1059 .elementor-element.elementor-element-3db30884 .elementor-divider-separator{width:100%;}.elementor-1059 .elementor-element.elementor-element-3db30884 .elementor-divider{padding-block-start:15px;padding-block-end:15px;}.elementor-1059 .elementor-element.elementor-element-6751174{--display:flex;--flex-direction:row;--container-widget-width:calc( ( 1 - var( --container-widget-flex-grow ) ) * 100% );--container-widget-height:100%;--container-widget-flex-grow:1;--container-widget-align-self:stretch;--flex-wrap-mobile:wrap;--align-items:stretch;--gap:10px 10px;--row-gap:10px;--column-gap:10px;--padding-top:100px;--padding-bottom:100px;--padding-left:0px;--padding-right:0px;}.elementor-1059 .elementor-element.elementor-element-ffc8dae{--display:flex;--padding-top:0px;--padding-bottom:0px;--padding-left:0px;--padding-right:0px;}.elementor-1059 .elementor-element.elementor-element-2cafed6 > .elementor-widget-container{margin:0px 0px 0px 0px;}:root{--page-title-display:none;}@media(min-width:768px){.elementor-1059 .elementor-element.elementor-element-6751174{--content-width:1200px;}}@media(max-width:1024px){.elementor-1059 .elementor-element.elementor-element-1f6027cd{margin-top:0px;margin-bottom:150px;padding:50px 30px 0px 30px;}.elementor-1059 .elementor-element.elementor-element-23f1e376 .elementor-heading-title{font-size:var( --e-global-typography-secondary-font-size );line-height:var( --e-global-typography-secondary-line-height );}.elementor-1059 .elementor-element.elementor-element-362d16ca > .elementor-container{min-height:300px;}.elementor-1059 .elementor-element.elementor-element-362d16ca{margin-top:50px;margin-bottom:-150px;}.elementor-1059 .elementor-element.elementor-element-6751174{--padding-top:70px;--padding-bottom:70px;--padding-left:30px;--padding-right:30px;}}@media(max-width:767px){.elementor-1059 .elementor-element.elementor-element-1f6027cd{margin-top:0px;margin-bottom:100px;padding:60px 20px 0px 20px;}.elementor-1059 .elementor-element.elementor-element-23f1e376 .elementor-heading-title{font-size:var( --e-global-typography-secondary-font-size );line-height:var( --e-global-typography-secondary-line-height );}.elementor-1059 .elementor-element.elementor-element-362d16ca > .elementor-container{min-height:300px;}.elementor-1059 .elementor-element.elementor-element-362d16ca{margin-top:40px;margin-bottom:-100px;}.elementor-1059 .elementor-element.elementor-element-6751174{--padding-top:70px;--padding-bottom:70px;--padding-left:20px;--padding-right:20px;}}<\/style>\t\t<div data-elementor-type=\"wp-page\" data-elementor-id=\"1059\" class=\"elementor elementor-1059\" data-elementor-post-type=\"page\">\n\t\t\t\t\t\t<section class=\"elementor-section elementor-top-section elementor-element elementor-element-1f6027cd elementor-section-boxed elementor-section-height-default elementor-section-height-default\" data-id=\"1f6027cd\" data-element_type=\"section\" data-settings=\"{&quot;background_background&quot;:&quot;classic&quot;}\">\n\t\t\t\t\t\t\t<div class=\"elementor-background-overlay\"><\/div>\n\t\t\t\t\t\t\t<div class=\"elementor-container elementor-column-gap-default\">\n\t\t\t\t\t<div class=\"elementor-column elementor-col-100 elementor-top-column elementor-element elementor-element-3d2fdda2\" data-id=\"3d2fdda2\" data-element_type=\"column\">\n\t\t\t<div class=\"elementor-widget-wrap elementor-element-populated\">\n\t\t\t\t\t\t<section class=\"elementor-section elementor-inner-section elementor-element elementor-element-362d16ca elementor-section-height-min-height elementor-section-boxed elementor-section-height-default elementor-invisible\" data-id=\"362d16ca\" data-element_type=\"section\" data-settings=\"{&quot;background_background&quot;:&quot;classic&quot;,&quot;animation&quot;:&quot;fadeIn&quot;,&quot;animation_delay&quot;:400}\">\n\t\t\t\t\t\t<div class=\"elementor-container elementor-column-gap-default\">\n\t\t\t\t\t<div class=\"elementor-column elementor-col-100 elementor-inner-column elementor-element elementor-element-529dc4d0\" data-id=\"529dc4d0\" data-element_type=\"column\">\n\t\t\t<div class=\"elementor-widget-wrap elementor-element-populated\">\n\t\t\t\t\t\t<div class=\"elementor-element elementor-element-3db30884 elementor-widget-divider--view-line elementor-widget elementor-widget-divider\" data-id=\"3db30884\" data-element_type=\"widget\" data-widget_type=\"divider.default\">\n\t\t\t\t<div class=\"elementor-widget-container\">\n\t\t\t\t\t\t\t<div class=\"elementor-divider\">\n\t\t\t<span class=\"elementor-divider-separator\">\n\t\t\t\t\t\t<\/span>\n\t\t<\/div>\n\t\t\t\t\t\t<\/div>\n\t\t\t\t<\/div>\n\t\t\t\t\t<\/div>\n\t\t<\/div>\n\t\t\t\t\t<\/div>\n\t\t<\/section>\n\t\t\t\t\t<\/div>\n\t\t<\/div>\n\t\t\t\t\t<\/div>\n\t\t<\/section>\n\t\t<div class=\"elementor-element elementor-element-6751174 e-flex e-con-boxed e-con e-parent\" data-id=\"6751174\" data-element_type=\"container\">\n\t\t\t\t\t<div class=\"e-con-inner\">\n\t\t<div class=\"elementor-element elementor-element-ffc8dae e-con-full e-flex e-con e-child\" data-id=\"ffc8dae\" data-element_type=\"container\">\n\t\t\t\t<div class=\"elementor-element elementor-element-2cafed6 elementor-widget elementor-widget-text-editor\" data-id=\"2cafed6\" data-element_type=\"widget\" data-widget_type=\"text-editor.default\">\n\t\t\t\t<div class=\"elementor-widget-container\">\n\t\t\t\t\t\t\t\t\t<p>En aquesta web recopilo i utilitzo la informaci\u00f3 segons indico en la meva pol\u00edtica de privadesa. Una de les formes en qu\u00e8 va recopilar informaci\u00f3 \u00e9s a trav\u00e9s de l&#8217;\u00fas de la tecnologia anomenada \u201ccookies\u201d. A Com viatjar sola, s&#8217;utilitzen galetes per a diverses coses.<\/p><p>Qu\u00e8 \u00e9s una galeta?<\/p><p>Una galeta \u00e9s una petita quantitat de text que s&#8217;emmagatzema al teu navegador (com Chrome de Google o Safari d&#8217;Apple) quan navegues per la majoria dels llocs web.<\/p><p>Qu\u00e8 NO \u00e9s una galeta?<\/p><p>No \u00e9s un virus, ni un troi\u00e0, ni un cuc, ni spam, ni spyware, ni obre finestres pop-up.<\/p><p>Quina informaci\u00f3 emmagatzema una galeta?<\/p><p>Les cookies no solen emmagatzemar informaci\u00f3 sensible sobre vost\u00e8, com ara targetes de cr\u00e8dit o dades banc\u00e0ries, fotografies o informaci\u00f3 personal, etc. Les dades que guarden s\u00f3n de car\u00e0cter t\u00e8cnic, estad\u00edstiques, prefer\u00e8ncies personals, personalitzaci\u00f3 de continguts, etc.<\/p><p>El servidor web no us associa a vost\u00e8 com a persona sin\u00f3 al vostre navegador web. De fet, si vost\u00e8 navega habitualment amb el navegador Chrome i prova a navegar per la mateixa web amb el navegador Firefox, veur\u00e0 que la web no s&#8217;adona que \u00e9s vost\u00e8 la mateixa persona perqu\u00e8 en realitat est\u00e0 associant la informaci\u00f3 al navegador, no a la persona.<\/p><p>Quin tipus de galetes hi ha?<\/p><p>Cookies t\u00e8cniques: S\u00f3n les m\u00e9s elementals i permeten, entre altres coses, saber quan est\u00e0 navegant un hum\u00e0 o una aplicaci\u00f3 automatitzada, quan navega un usuari an\u00f2nim i un registrat, tasques b\u00e0siques per al funcionament de qualsevol web din\u00e0mica.<br \/>Cookies d&#8217;an\u00e0lisi: Recolleixen informaci\u00f3 sobre el tipus de navegaci\u00f3 que esteu realitzant, les seccions que m\u00e9s utilitza, productes consultats, franja hor\u00e0ria d&#8217;\u00fas, idioma, etc.<br \/>Galetes publicit\u00e0ries:\u00a0Mostren publicitat en funci\u00f3 de la seva navegaci\u00f3, el seu pa\u00eds de proced\u00e8ncia, idioma, etc.<\/p><p>Qu\u00e8 s\u00f3n les cookies pr\u00f2pies i les de tercers?<\/p><p>Les cookies pr\u00f2pies s\u00f3n les generades per la p\u00e0gina que esteu visitant i les de tercers s\u00f3n les generades per serveis o prove\u00efdors externs com Mailchimp, Mailrelay, Facebook, Twitter, Google adsense, etc.<\/p><p>Quines galetes utilitza aquesta web?<\/p><p>Aquest web utilitza cookies pr\u00f2pies i de tercers. En aquest lloc web s&#8217;utilitzen les cookies seg\u00fcents que es detallen a continuaci\u00f3:<\/p><p>Cookies pr\u00f2pies:<\/p><p>Inici de sessi\u00f3: Les cookies per iniciar sessi\u00f3 et permeten entrar i sortir del teu compte de Com viatjar sola.<\/p><p>Personalitzaci\u00f3:\u00a0Les cookies m&#8217;ajuden a recordar amb quines persones o llocs web has interactuat, perqu\u00e8 pugui mostrar contingut relacionat.<\/p><p>Prefer\u00e8ncies: Les galetes em permeten recordar els teus ajustaments i prefer\u00e8ncies, com l&#8217;idioma preferit i la teva configuraci\u00f3 de privadesa.<\/p><p>Seguretat: Utilitzo cookies per evitar-te riscos de seguretat. Principalment per detectar quan alg\u00fa est\u00e0 intentant piratejar el teu compte de Com viatjar sola.<\/p><p>Galetes de tercers<\/p><p>Aquest web utilitza serveis d&#8217;an\u00e0lisi, concretament, Google Analytics per ajudar el website a analitzar l&#8217;\u00fas que fan els usuaris del lloc web i millorar-ne la usabilitat, per\u00f2 en cap cas s&#8217;associen a dades que puguin identificar l&#8217;usuari. Google Analytics, \u00e9s un servei anal\u00edtic de web prestat per Google, Inc., L&#8217;usuari pot consultar aqu\u00ed el tipus de cookies utilitzades per Google.<\/p><p>Bel\u00e9n Maviglia \u00e9s usuari de la plataforma de subministrament i allotjament de blocs WordPress, propietat de l&#8217;empresa nord-americana Automattic, Inc. A aquest efecte, els usos d&#8217;aquestes galetes pels sistemes mai estan sota control o gesti\u00f3 del responsable del web, poden canviar la seva funci\u00f3 en qualsevol moment, i entrar galetes noves. Aquestes cookies tampoc no reporten al responsable d&#8217;aquesta web cap benefici. Automattic, Inc., utilitza a m\u00e9s altres galetes amb la finalitat d&#8217;ajudar a identificar i rastrejar els visitants dels llocs de WordPress, con\u00e8ixer l&#8217;\u00fas que fan del lloc web d&#8217;Automattic, aix\u00ed com les seves prefer\u00e8ncies d&#8217;acc\u00e9s, tal com es recull a l&#8217;apartat \u201cCookies\u201d de la seva pol\u00edtica de privadesa.<\/p><p>Les galetes de xarxes socials es poden emmagatzemar al vostre navegador mentre navega per https:\/\/comoviajarsola.com\/ per exemple, quan utilitzeu el bot\u00f3 de compartir continguts de https:\/\/comoviajarsola.com\/ en alguna xarxa social.<br \/>A continuaci\u00f3 tens informaci\u00f3 sobre les cookies de les xarxes socials que utilitza aquesta web a les seves pr\u00f2pies pol\u00edtiques de cookies:<\/p><p>Cookies d&#8217;Uolala, veure m\u00e9s informaci\u00f3 a la seva pol\u00edtica de cookies<br \/>Cookies de Facebook, veure m\u00e9s informaci\u00f3 a la seva pol\u00edtica de cookies<br \/>Cookies d&#8217;Instagram, veure m\u00e9s informaci\u00f3 a la seva pol\u00edtica de cookies<br \/>Cookies de Google+, veure m\u00e9s informaci\u00f3 a la seva pol\u00edtica de cookies<br \/>Cookies de Linkedin, veure m\u00e9s informaci\u00f3 a la seva pol\u00edtica de cookies<br \/>Cookies de Youtube, veure m\u00e9s informaci\u00f3 a la seva pol\u00edtica de cookies<\/p><p>Porto a terme accions de rem\u00e0rqueting mitjan\u00e7ant Facebook ads, que utilitza les cookies per ajudar-me a oferir anuncis en l\u00ednia espec\u00edfic basat en visites anteriors al meu lloc web.<\/p><p>Es poden eliminar les galetes?<\/p><p>S\u00ed, i no nom\u00e9s eliminar, tamb\u00e9 bloquejar, de manera general o particular per a un domini espec\u00edfic.<br \/>Per eliminar les cookies d&#8217;un lloc web heu d&#8217;anar a la configuraci\u00f3 del vostre navegador i all\u00e0 podreu buscar les associades al domini en q\u00fcesti\u00f3 i procedir a la seva eliminaci\u00f3.<\/p><p>Configuraci\u00f3 de cookies per a Google Chrome<br \/>Configuraci\u00f3 de cookies per\u00a0Apple Safari<br \/>Configuraci\u00f3 de cookies per Internet Explorer<br \/>Configuraci\u00f3 de cookies per\u00a0Mozilla Firefox<\/p><p>M\u00e9s informaci\u00f3 sobre les cookies<\/p><p>Pots consultar el reglament sobre cookies publicat per l&#8217;Ag\u00e8ncia Espanyola de Protecci\u00f3 de Dades a la seva \u201cGuia sobre l&#8217;\u00fas de les cookies\u201d i obtenir m\u00e9s informaci\u00f3 sobre les cookies a Internet, http:\/\/www.aboutcookies.org\/<\/p><p>Si voleu tenir m\u00e9s control sobre la instal\u00b7laci\u00f3 de cookies, podeu instal\u00b7lar programes o complements al vostre navegador, coneguts com a eines de \u201cDo Not Track\u201d, que us permetran escollir aquelles cookies que voleu permetre.<\/p><p>Aquesta pol\u00edtica de cookies ha estat actualitzada per \u00faltima vegada el 16-07-2018.<\/p>\t\t\t\t\t\t\t\t<\/div>\n\t\t\t\t<\/div>\n\t\t\t\t<\/div>\n\t\t\t\t\t<\/div>\n\t\t\t\t<\/div>\n\t\t\t\t<\/div>\n\t\t","protected":false},"excerpt":{"rendered":"<p>En aquesta web recopilo i utilitzo la informaci\u00f3 segons indico en la meva pol\u00edtica de privadesa. Una de les formes en qu\u00e8 va recopilar informaci\u00f3 \u00e9s a trav\u00e9s de l&#8217;\u00fas de la tecnologia anomenada \u201ccookies\u201d. A Com viatjar sola, s&#8217;utilitzen galetes per a diverses coses. Qu\u00e8 \u00e9s una galeta? Una galeta \u00e9s una petita quantitat [&hellip;]<\/p>\n","protected":false},"author":1,"featured_media":0,"parent":0,"menu_order":0,"comment_status":"closed","ping_status":"closed","template":"elementor_header_footer","meta":{"_joinchat":[],"footnotes":""},"class_list":["post-1059","page","type-page","status-publish","hentry"],"_links":{"self":[{"href":"https:\/\/www.holisticbarcelona.com\/ca\/wp-json\/wp\/v2\/pages\/1059","targetHints":{"allow":["GET"]}}],"collection":[{"href":"https:\/\/www.holisticbarcelona.com\/ca\/wp-json\/wp\/v2\/pages"}],"about":[{"href":"https:\/\/www.holisticbarcelona.com\/ca\/wp-json\/wp\/v2\/types\/page"}],"author":[{"embeddable":true,"href":"https:\/\/www.holisticbarcelona.com\/ca\/wp-json\/wp\/v2\/users\/1"}],"replies":[{"embeddable":true,"href":"https:\/\/www.holisticbarcelona.com\/ca\/wp-json\/wp\/v2\/comments?post=1059"}],"version-history":[{"count":7,"href":"https:\/\/www.holisticbarcelona.com\/ca\/wp-json\/wp\/v2\/pages\/1059\/revisions"}],"predecessor-version":[{"id":1588,"href":"https:\/\/www.holisticbarcelona.com\/ca\/wp-json\/wp\/v2\/pages\/1059\/revisions\/1588"}],"wp:attachment":[{"href":"https:\/\/www.holisticbarcelona.com\/ca\/wp-json\/wp\/v2\/media?parent=1059"}],"curies":[{"name":"wp","href":"https:\/\/api.w.org\/{rel}","templated":true}]}}